{"id":2,"date":"2011-11-11T16:48:02","date_gmt":"2011-11-11T16:48:02","guid":{"rendered":"http:\/\/www.m4fotografias.com.br\/areavip\/?page_id=2"},"modified":"2011-12-06T00:27:52","modified_gmt":"2011-12-06T00:27:52","slug":"pagina-exemplo","status":"publish","type":"page","link":"https:\/\/www.m4fotografias.com.br\/areavip\/","title":{"rendered":"Home"},"content":{"rendered":"<p>Para acessar os conte\u00fados exclusivos aos clientes voc\u00ea deve selecionar uma categoria e inserir usu\u00e1rio e senha fornecidos por nossa equipe.<\/p>\n<p>&nbsp;<\/p>\n<table border=\"0\" cellspacing=\"0\" cellpadding=\"0\">\n<tbody>\n<tr>\n<td width=\"278\"><a href=\"http:\/\/www.m4fotografias.com.br\/areavip\/areavip\/casamentos\"><img loading=\"lazy\" class=\"alignnone size-full wp-image-16\" title=\"casamentos\" src=\"http:\/\/www.m4fotografias.com.br\/areavip\/wp-content\/uploads\/2011\/11\/casamentos.jpg\" alt=\"\" width=\"278\" height=\"202\" \/><\/a><\/td>\n<td width=\"20\"><\/td>\n<td width=\"278\"><a href=\"http:\/\/www.m4fotografias.com.br\/areavip\/areavip\/aniversarios\"><img loading=\"lazy\" class=\"alignnone size-full wp-image-17\" title=\"aniversarios\" src=\"http:\/\/www.m4fotografias.com.br\/areavip\/wp-content\/uploads\/2011\/11\/aniversarios.jpg\" alt=\"\" width=\"278\" height=\"202\" \/><\/a><\/td>\n<\/tr>\n<tr>\n<td colspan=\"3\" height=\"20\"><\/td>\n<\/tr>\n<tr>\n<td width=\"278\"><a href=\"http:\/\/www.m4fotografias.com.br\/areavip\/areavip\/ensaios-externos\"><img loading=\"lazy\" class=\"alignnone size-full wp-image-19\" title=\"externos\" src=\"http:\/\/www.m4fotografias.com.br\/areavip\/wp-content\/uploads\/2011\/11\/externos.jpg\" alt=\"\" width=\"278\" height=\"202\" \/><\/a><\/td>\n<td width=\"20\"><\/td>\n<td width=\"278\"><a href=\"http:\/\/www.m4fotografias.com.br\/areavip\/areavip\/ensaios-em-estudio\"><img loading=\"lazy\" class=\"alignnone size-full wp-image-20\" title=\"ensaio-estudio\" src=\"http:\/\/www.m4fotografias.com.br\/areavip\/wp-content\/uploads\/2011\/11\/ensaio-estudio.jpg\" alt=\"\" width=\"278\" height=\"202\" \/><\/a><\/td>\n<\/tr>\n<tr>\n<td colspan=\"3\" height=\"20\"><\/td>\n<\/tr>\n<tr>\n<td width=\"278\"><a href=\"http:\/\/www.m4fotografias.com.br\/areavip\/areavip\/formaturas\"><img loading=\"lazy\" class=\"alignnone size-full wp-image-21\" title=\"formaturas\" src=\"http:\/\/www.m4fotografias.com.br\/areavip\/wp-content\/uploads\/2011\/11\/formaturas1.jpg\" alt=\"\" width=\"278\" height=\"202\" \/><\/a><\/td>\n<td width=\"20\"><\/td>\n<td width=\"278\"><a href=\"http:\/\/www.m4fotografias.com.br\/areavip\/areavip\/eventos\"><img loading=\"lazy\" class=\"alignnone size-full wp-image-22\" title=\"eventos\" src=\"http:\/\/www.m4fotografias.com.br\/areavip\/wp-content\/uploads\/2011\/11\/eventos.jpg\" alt=\"\" width=\"278\" height=\"202\" \/><\/a><\/td>\n<\/tr>\n<\/tbody>\n<\/table>\n","protected":false},"excerpt":{"rendered":"<p>Para acessar os conte\u00fados exclusivos aos clientes voc\u00ea deve selecionar uma categoria e inserir usu\u00e1rio e senha fornecidos por nossa equipe. &nbsp;<\/p>\n","protected":false},"author":1,"featured_media":0,"parent":0,"menu_order":0,"comment_status":"open","ping_status":"open","template":"","meta":[],"_links":{"self":[{"href":"https:\/\/www.m4fotografias.com.br\/areavip\/wp-json\/wp\/v2\/pages\/2"}],"collection":[{"href":"https:\/\/www.m4fotografias.com.br\/areavip\/wp-json\/wp\/v2\/pages"}],"about":[{"href":"https:\/\/www.m4fotografias.com.br\/areavip\/wp-json\/wp\/v2\/types\/page"}],"author":[{"embeddable":true,"href":"https:\/\/www.m4fotografias.com.br\/areavip\/wp-json\/wp\/v2\/users\/1"}],"replies":[{"embeddable":true,"href":"https:\/\/www.m4fotografias.com.br\/areavip\/wp-json\/wp\/v2\/comments?post=2"}],"version-history":[{"count":4,"href":"https:\/\/www.m4fotografias.com.br\/areavip\/wp-json\/wp\/v2\/pages\/2\/revisions"}],"predecessor-version":[{"id":778,"href":"https:\/\/www.m4fotografias.com.br\/areavip\/wp-json\/wp\/v2\/pages\/2\/revisions\/778"}],"wp:attachment":[{"href":"https:\/\/www.m4fotografias.com.br\/areavip\/wp-json\/wp\/v2\/media?parent=2"}],"curies":[{"name":"wp","href":"https:\/\/api.w.org\/{rel}","templated":true}]}}